{"id":2743,"date":"2024-01-10T11:30:20","date_gmt":"2024-01-10T10:30:20","guid":{"rendered":"https:\/\/atpomp.pl\/?page_id=2743"},"modified":"2024-01-11T12:34:27","modified_gmt":"2024-01-11T11:34:27","slug":"osna","status":"publish","type":"page","link":"https:\/\/atpomp.pl\/en\/rozwiazania\/osna\/","title":{"rendered":"OSNA"},"content":{"rendered":"<div class=\"wp-block-group alignfull has-outline-background-color has-background has-global-padding is-layout-constrained wp-container-core-group-is-layout-411c8206 wp-block-group-is-layout-constrained\" style=\"margin-top:0;margin-bottom:0;padding-top:0;padding-right:0;padding-bottom:0;padding-left:0\">\n<div class=\"wp-block-uagb-container uagb-block-d654685f alignwide uagb-is-root-container\">\n<div class=\"wp-block-uagb-image aligncenter uagb-block-c888fd4e wp-block-uagb-image--layout-default wp-block-uagb-image--effect-static wp-block-uagb-image--align-center\"><figure class=\"wp-block-uagb-image__figure\"><img decoding=\"async\" srcset=\"https:\/\/atpomp.pl\/wp-content\/uploads\/2024\/01\/OSNA-Logo.png ,https:\/\/atpomp.pl\/wp-content\/uploads\/2024\/01\/OSNA-Logo.png 780w, https:\/\/atpomp.pl\/wp-content\/uploads\/2024\/01\/OSNA-Logo.png 360w\" sizes=\"auto, (max-width: 480px) 150px\" src=\"https:\/\/atpomp.pl\/wp-content\/uploads\/2024\/01\/OSNA-Logo.png\" alt=\"\" class=\"uag-image-2744\" width=\"300\" height=\"84\" title=\"\" loading=\"lazy\"\/><\/figure><\/div>\n\n\n\n<p class=\"has-text-align-center has-primary-color has-text-color\" style=\"margin-top:0;margin-right:0;margin-bottom:0;margin-left:0;padding-top:0;padding-right:0;padding-bottom:0;padding-left:0;font-style:normal;font-weight:600\">Jednostopniowe i wielostopniowe pompy wirowe firmy OSNA gwarantuj\u0105 maksymaln\u0105 niezawodno\u015b\u0107 procesu w szerokim zakresie zastosowa\u0144 przemys\u0142owych i komunalnych w po\u0142\u0105czeniu z niezwykle trwa\u0142\u0105 konstrukcj\u0105.<\/p>\n<\/div>\n<\/div>\n\n\n\n<div class=\"wp-block-group alignfull has-global-padding is-layout-constrained wp-container-core-group-is-layout-411c8206 wp-block-group-is-layout-constrained\" style=\"margin-top:0;margin-bottom:0;padding-top:0;padding-right:0;padding-bottom:0;padding-left:0\">\n<div class=\"wp-block-uagb-container uagb-block-4e335977 alignwide uagb-is-root-container\">\n<h1 class=\"wp-block-heading alignfull has-text-align-center has-primary-color has-text-color\" style=\"margin-top:0;margin-right:0;margin-bottom:0;margin-left:0;padding-top:0;padding-right:0;padding-bottom:0;padding-left:0;font-style:normal;font-weight:600\">Solutions<\/h1>\n\n\n\n<div class=\"wp-block-uagb-container uagb-block-7529fd66\">\n<div class=\"wp-block-uagb-container uagb-block-66771305\">\n<div class=\"wp-block-uagb-info-box uagb-block-19a85913 uagb-infobox__content-wrap  uagb-infobox_cta-type-all uagb-infobox-icon-above-title uagb-infobox-image-valign-top\"><a href=\"https:\/\/www.osna-pumpen.de\/fileadmin\/media_osna\/pdf\/2020\/OSNA-Pumpen-Centrifugal-Pumps-SKT-SKB-SKI-2020.pdf\" class=\"uagb-infobox-link-wrap uagb-infbox__link-to-all\" target=\"_blank\" aria-label=\"Infobox Link\" rel=\"noopener noreferrer\" onclick=\"return true;\"><\/a><div class=\"uagb-ifb-content\"><div class=\"uagb-ifb-image-content\"><img decoding=\"async\" src=\"http:\/\/atpomp.pl\/wp-content\/uploads\/2024\/01\/OSNA-SKB_SKI_SKT-nbg-300x300.png\" alt=\"\" width=\"\" height=\"0\" loading=\"lazy\"\/><\/div><div class=\"uagb-ifb-title-wrap\"><h5 class=\"uagb-ifb-title\">SKB\/SKI\/SKT<\/h5><\/div><div class=\"uagb-ifb-button-wrapper wp-block-button\"><\/div><\/div><\/div>\n<\/div>\n\n\n\n<div class=\"wp-block-uagb-container uagb-block-d4ac758f\">\n<div class=\"wp-block-uagb-info-box uagb-block-45d47459 uagb-infobox__content-wrap  uagb-infobox_cta-type-all uagb-infobox-icon-above-title uagb-infobox-image-valign-top\"><a href=\"https:\/\/www.osna-pumpen.de\/fileadmin\/media_osna\/pdf\/2020\/OSNA-Pumpen-Centrifugal-Pumps-NMH-NMV-2020.pdf\" class=\"uagb-infobox-link-wrap uagb-infbox__link-to-all\" target=\"_blank\" aria-label=\"Infobox Link\" rel=\"noopener noreferrer\" onclick=\"return true;\"><\/a><div class=\"uagb-ifb-content\"><div class=\"uagb-ifb-image-content\"><img decoding=\"async\" src=\"http:\/\/atpomp.pl\/wp-content\/uploads\/2024\/01\/OSNA-NM-nbg-300x300.png\" alt=\"\" width=\"\" height=\"0\" loading=\"lazy\"\/><\/div><div class=\"uagb-ifb-title-wrap\"><h5 class=\"uagb-ifb-title\">NMH\/NMV<\/h5><\/div><div class=\"uagb-ifb-button-wrapper wp-block-button\"><\/div><\/div><\/div>\n<\/div>\n<\/div>\n\n\n\n<div class=\"wp-block-uagb-container uagb-block-b03e4692\">\n<div class=\"wp-block-uagb-container uagb-block-2cca555e\">\n<div class=\"wp-block-uagb-info-box uagb-block-3775e623 uagb-infobox__content-wrap  uagb-infobox_cta-type-all uagb-infobox-icon-above-title uagb-infobox-image-valign-top\"><a href=\"https:\/\/www.osna-pumpen.de\/fileadmin\/media_osna\/pdf\/2020\/OSNA-Pumpen-Centrifugal-Pumps-VKI-2020.pdf\" class=\"uagb-infobox-link-wrap uagb-infbox__link-to-all\" target=\"_blank\" aria-label=\"Infobox Link\" rel=\"noopener noreferrer\" onclick=\"return true;\"><\/a><div class=\"uagb-ifb-content\"><div class=\"uagb-ifb-image-content\"><img decoding=\"async\" src=\"http:\/\/atpomp.pl\/wp-content\/uploads\/2024\/01\/OSNA-IN-VB-IN-VC-nbg-300x300.png\" alt=\"\" width=\"\" height=\"0\" loading=\"lazy\"\/><\/div><div class=\"uagb-ifb-title-wrap\"><h5 class=\"uagb-ifb-title\">IN-VB\/IN-VC<\/h5><\/div><div class=\"uagb-ifb-button-wrapper wp-block-button\"><\/div><\/div><\/div>\n<\/div>\n\n\n\n<div class=\"wp-block-uagb-container uagb-block-8a274003\">\n<div class=\"wp-block-uagb-info-box uagb-block-d35e8ace uagb-infobox__content-wrap  uagb-infobox_cta-type-all uagb-infobox-icon-above-title uagb-infobox-image-valign-top\"><a href=\"https:\/\/www.osna-pumpen.de\/fileadmin\/media_osna\/pdf\/2020\/OSNA-Pumpen-Centrifugal-Pumps-CVP-2020.pdf\" class=\"uagb-infobox-link-wrap uagb-infbox__link-to-all\" target=\"_blank\" aria-label=\"Infobox Link\" rel=\"noopener noreferrer\" onclick=\"return true;\"><\/a><div class=\"uagb-ifb-content\"><div class=\"uagb-ifb-image-content\"><img decoding=\"async\" src=\"http:\/\/atpomp.pl\/wp-content\/uploads\/2024\/01\/OSNA-CVP-nbg-300x300.png\" alt=\"\" width=\"\" height=\"0\" loading=\"lazy\"\/><\/div><div class=\"uagb-ifb-title-wrap\"><h5 class=\"uagb-ifb-title\">CVP<\/h5><\/div><div class=\"uagb-ifb-button-wrapper wp-block-button\"><\/div><\/div><\/div>\n<\/div>\n<\/div>\n<\/div>\n<\/div>\n\n\n\n<div class=\"wp-block-group alignfull has-neutral-background-color has-background has-global-padding is-layout-constrained wp-container-core-group-is-layout-059bba48 wp-block-group-is-layout-constrained\" style=\"margin-top:0;margin-bottom:0;padding-top:0;padding-right:0;padding-bottom:var(--wp--preset--spacing--small);padding-left:0\">\n<h4 class=\"wp-block-heading alignfull has-text-align-center has-primary-color has-text-color\" style=\"margin-top:0;margin-right:0;margin-bottom:0;margin-left:0;padding-top:var(--wp--preset--spacing--small);padding-right:0;padding-bottom:0;padding-left:0;font-style:normal;font-weight:600\">Szukasz innych rozwi\u0105za\u0144 OSNA?<\/h4>\n\n\n\n<div class=\"wp-block-uagb-buttons uagb-buttons__outer-wrap uagb-btn__default-btn uagb-btn-tablet__default-btn uagb-btn-mobile__default-btn uagb-block-59bd78a1\"><div class=\"uagb-buttons__wrap uagb-buttons-layout-wrap\">\n<div class=\"wp-block-uagb-buttons-child uagb-buttons__outer-wrap uagb-block-55a1b332 wp-block-button\"><div class=\"uagb-button__wrapper\"><a class=\"uagb-buttons-repeater wp-block-button__link\" href=\"mailto:biuro@atpomp.pl\" onclick=\"return true;\" rel=\"follow noopener\" target=\"_self\"><div class=\"uagb-button__link\">Contact us!<\/div><\/a><\/div><\/div>\n<\/div><\/div>\n<\/div>\n\n\n\n<div class=\"wp-block-group alignfull has-global-padding is-layout-constrained wp-container-core-group-is-layout-f54c662a wp-block-group-is-layout-constrained\" style=\"margin-top:0px;margin-bottom:0px;padding-top:0px;padding-right:0px;padding-bottom:0px;padding-left:0px\">\n<div class=\"wp-block-uagb-container uagb-block-2aa05401 alignwide uagb-is-root-container\">\n<h1 class=\"wp-block-heading alignfull has-text-align-center has-primary-color has-text-color has-link-color wp-elements-5a336d49ac7a61e77939f1148071de62\" style=\"margin-top:0px;margin-right:0px;margin-bottom:0px;margin-left:0px;padding-top:0px;padding-right:0px;padding-bottom:0px;padding-left:0px;font-style:normal;font-weight:600\">Partnership<\/h1>\n\n\n\n<div class=\"wp-block-uagb-container uagb-block-1b09ea95 alignwide uagb-is-root-container\">\n<div class=\"wp-block-uagb-container uagb-block-86fa33ad\">\n<div class=\"wp-block-uagb-info-box uagb-block-73b76a7f uagb-infobox__content-wrap  uagb-infobox_cta-type-all uagb-infobox-icon-above-title uagb-infobox-image-valign-top\"><a href=\"https:\/\/www.bornemann.com\/en-US\/Home\/\" class=\"uagb-infobox-link-wrap uagb-infbox__link-to-all\" target=\"_blank\" aria-label=\"Infobox Link\" rel=\"noopener noreferrer\" onclick=\"return true;\"><\/a><div class=\"uagb-ifb-content\"><div class=\"uagb-ifb-image-content\"><img decoding=\"async\" src=\"http:\/\/atpomp.pl\/wp-content\/uploads\/2023\/08\/Bornemann-Logo-2018-1047x292-1-e1691494446560-300x84.png\" alt=\"\" width=\"\" height=\"0\" loading=\"lazy\"\/><\/div><div class=\"uagb-ifb-title-wrap\"><\/div><div class=\"uagb-ifb-button-wrapper wp-block-button\"><\/div><\/div><\/div>\n<\/div>\n\n\n\n<div class=\"wp-block-uagb-container uagb-block-8f690769\">\n<div class=\"wp-block-uagb-info-box uagb-block-d7745b2a uagb-infobox__content-wrap  uagb-infobox_cta-type-all uagb-infobox-icon-above-title uagb-infobox-image-valign-top\"><a href=\"https:\/\/www.gouldspumps.com\/en-US\/Home\/\" class=\"uagb-infobox-link-wrap uagb-infbox__link-to-all\" target=\"_blank\" aria-label=\"Infobox Link\" rel=\"noopener noreferrer\" onclick=\"return true;\"><\/a><div class=\"uagb-ifb-content\"><div class=\"uagb-ifb-image-content\"><img decoding=\"async\" src=\"http:\/\/atpomp.pl\/wp-content\/uploads\/2023\/08\/GP-Logo-2018-e1691494407963-300x136.png\" alt=\"\" width=\"\" height=\"0\" loading=\"lazy\"\/><\/div><div class=\"uagb-ifb-title-wrap\"><\/div><div class=\"uagb-ifb-button-wrapper wp-block-button\"><\/div><\/div><\/div>\n<\/div>\n\n\n\n<div class=\"wp-block-uagb-container uagb-block-e2899c79\">\n<div class=\"wp-block-uagb-info-box uagb-block-1b1f8291 uagb-infobox__content-wrap  uagb-infobox_cta-type-all uagb-infobox-icon-above-title uagb-infobox-image-valign-top\"><a href=\"https:\/\/www.elliott-turbo.com\/\" class=\"uagb-infobox-link-wrap uagb-infbox__link-to-all\" target=\"_blank\" aria-label=\"Infobox Link\" rel=\"noopener noreferrer\" onclick=\"return true;\"><\/a><div class=\"uagb-ifb-content\"><div class=\"uagb-ifb-image-content\"><img decoding=\"async\" src=\"http:\/\/atpomp.pl\/wp-content\/uploads\/2023\/07\/elliott-logo-bez_tla.png\" alt=\"\" width=\"\" height=\"0\" loading=\"lazy\"\/><\/div><div class=\"uagb-ifb-title-wrap\"><\/div><div class=\"uagb-ifb-button-wrapper wp-block-button\"><\/div><\/div><\/div>\n<\/div>\n\n\n\n<div class=\"wp-block-uagb-container uagb-block-e2899c79\">\n<div class=\"wp-block-uagb-info-box uagb-block-1b1f8291 uagb-infobox__content-wrap  uagb-infobox_cta-type-all uagb-infobox-icon-above-title uagb-infobox-image-valign-top\"><a href=\"https:\/\/www.osna-pumpen.de\/en\/\" class=\"uagb-infobox-link-wrap uagb-infbox__link-to-all\" target=\"_blank\" aria-label=\"Infobox Link\" rel=\"noopener noreferrer\" onclick=\"return true;\"><\/a><div class=\"uagb-ifb-content\"><div class=\"uagb-ifb-image-content\"><img decoding=\"async\" src=\"http:\/\/atpomp.pl\/wp-content\/uploads\/2024\/01\/OSNA-Logo.png\" alt=\"\" width=\"\" height=\"0\" loading=\"lazy\"\/><\/div><div class=\"uagb-ifb-title-wrap\"><\/div><div class=\"uagb-ifb-button-wrapper wp-block-button\"><\/div><\/div><\/div>\n<\/div>\n<\/div>\n<\/div>\n<\/div>\n\n\n\n<div class=\"wp-block-group alignfull has-primary-background-color has-background has-global-padding is-layout-constrained wp-container-core-group-is-layout-f54c662a wp-block-group-is-layout-constrained\" style=\"margin-top:0px;margin-bottom:0px;padding-top:0px;padding-right:0px;padding-bottom:0px;padding-left:0px\">\n<div class=\"wp-block-uagb-container uagb-block-b5f2613f alignwide uagb-is-root-container\">\n<h1 class=\"wp-block-heading alignfull has-text-align-center has-text-color\" style=\"color:#ffffff;margin-top:0;margin-right:0;margin-bottom:0;margin-left:0;padding-top:0;padding-right:0;padding-bottom:0;padding-left:0;font-style:normal;font-weight:600;letter-spacing:0px\">Contact<\/h1>\n\n\n\n<div class=\"wp-block-columns alignwide are-vertically-aligned-bottom is-layout-flex wp-container-core-columns-is-layout-d2668528 wp-block-columns-is-layout-flex\" style=\"margin-top:0px;margin-bottom:0px;padding-top:0px;padding-right:0px;padding-bottom:0px;padding-left:0px\">\n<div class=\"wp-block-column is-vertically-aligned-bottom has-global-padding is-layout-constrained wp-container-core-column-is-layout-d22ff40a wp-block-column-is-layout-constrained\" style=\"padding-top:0px;padding-right:0px;padding-bottom:0px;padding-left:0px;flex-basis:100%\">\n<div class=\"wp-block-uagb-info-box uagb-block-f3b9c3ac uagb-infobox__content-wrap  uagb-infobox-icon-above-title uagb-infobox-image-valign-top\"><div class=\"uagb-ifb-content\"><div class=\"uagb-ifb-title-wrap\"><h3 class=\"uagb-ifb-title\">Warszawa<\/h3><\/div><p class=\"uagb-ifb-desc\">HEADQUARTERS<br>ul. Naruszewicza 19\/1, 02-627 Warszawa<br>tel. +48 22 844 71 08<\/p><\/div><\/div>\n\n\n\n<figure class=\"wp-block-image aligncenter size-full is-resized\"><a href=\"https:\/\/goo.gl\/maps\/oWBfWjxPwDukmh4N7\"><img loading=\"lazy\" decoding=\"async\" width=\"561\" height=\"494\" src=\"http:\/\/atpomp.pl\/wp-content\/uploads\/2023\/07\/warszawa.png\" alt=\"\" class=\"wp-image-2122\" style=\"object-fit:cover;width:307px;height:307px\" srcset=\"https:\/\/atpomp.pl\/wp-content\/uploads\/2023\/07\/warszawa.png 561w, https:\/\/atpomp.pl\/wp-content\/uploads\/2023\/07\/warszawa-300x264.png 300w\" sizes=\"auto, (max-width: 561px) 100vw, 561px\" \/><\/a><\/figure>\n<\/div>\n\n\n\n<div class=\"wp-block-column is-vertically-aligned-bottom has-global-padding is-layout-constrained wp-block-column-is-layout-constrained\" style=\"flex-basis:100%\">\n<div class=\"wp-block-uagb-info-box uagb-block-8addf0ef uagb-infobox__content-wrap  uagb-infobox-icon-above-title uagb-infobox-image-valign-top\"><div class=\"uagb-ifb-content\"><div class=\"uagb-ifb-title-wrap\"><h3 class=\"uagb-ifb-title\">P\u0142ock<\/h3><\/div><p class=\"uagb-ifb-desc\">OFFICE AND SERVICE<br>ul. Pszenna 9, 09-407 P\u0142ock<br>tel. +48 784 966 445<br>tel. +48 604 173 177<\/p><\/div><\/div>\n\n\n\n<figure class=\"wp-block-image aligncenter size-full is-resized\"><a href=\"https:\/\/goo.gl\/maps\/PEiMxQPPACDymTk9A\"><img loading=\"lazy\" decoding=\"async\" width=\"585\" height=\"494\" src=\"http:\/\/atpomp.pl\/wp-content\/uploads\/2023\/07\/plock.png\" alt=\"\" class=\"wp-image-2121\" style=\"object-fit:cover;width:307px;height:307px\" srcset=\"https:\/\/atpomp.pl\/wp-content\/uploads\/2023\/07\/plock.png 585w, https:\/\/atpomp.pl\/wp-content\/uploads\/2023\/07\/plock-300x253.png 300w\" sizes=\"auto, (max-width: 585px) 100vw, 585px\" \/><\/a><\/figure>\n<\/div>\n<\/div>\n<\/div>\n<\/div>","protected":false},"excerpt":{"rendered":"<p>Jednostopniowe i wielostopniowe pompy wirowe firmy OSNA gwarantuj\u0105 maksymaln\u0105 niezawodno\u015b\u0107 procesu w szerokim zakresie zastosowa\u0144 przemys\u0142owych i komunalnych w po\u0142\u0105czeniu z niezwykle trwa\u0142\u0105 konstrukcj\u0105. Rozwi\u0105zania Szukasz innych rozwi\u0105za\u0144 OSNA?<\/p>","protected":false},"author":1,"featured_media":0,"parent":623,"menu_order":4,"comment_status":"closed","ping_status":"closed","template":"","meta":{"_uag_custom_page_level_css":"","_swt_meta_header_display":false,"_swt_meta_footer_display":false,"_swt_meta_site_title_display":false,"_swt_meta_sticky_header":false,"_swt_meta_transparent_header":false,"footnotes":""},"class_list":["post-2743","page","type-page","status-publish","hentry"],"yoast_head":"<!-- This site is optimized with the Yoast SEO plugin v25.0 - https:\/\/yoast.com\/wordpress\/plugins\/seo\/ -->\n<title>OSNA | ATPomp<\/title>\n<meta name=\"robots\" content=\"index, follow, max-snippet:-1, max-image-preview:large, max-video-preview:-1\" \/>\n<link rel=\"canonical\" href=\"https:\/\/atpomp.pl\/en\/rozwiazania\/osna\/\" \/>\n<meta property=\"og:locale\" content=\"en_GB\" \/>\n<meta property=\"og:type\" content=\"article\" \/>\n<meta property=\"og:title\" content=\"OSNA | ATPomp\" \/>\n<meta property=\"og:description\" content=\"Jednostopniowe i wielostopniowe pompy wirowe firmy OSNA gwarantuj\u0105 maksymaln\u0105 niezawodno\u015b\u0107 procesu w szerokim zakresie zastosowa\u0144 przemys\u0142owych i komunalnych w po\u0142\u0105czeniu z niezwykle trwa\u0142\u0105 konstrukcj\u0105. Rozwi\u0105zania Szukasz innych rozwi\u0105za\u0144 OSNA?\" \/>\n<meta property=\"og:url\" content=\"https:\/\/atpomp.pl\/en\/rozwiazania\/osna\/\" \/>\n<meta property=\"og:site_name\" content=\"ATPomp\" \/>\n<meta property=\"article:modified_time\" content=\"2024-01-11T11:34:27+00:00\" \/>\n<meta property=\"og:image\" content=\"http:\/\/atpomp.pl\/wp-content\/uploads\/2024\/01\/OSNA-Logo.png\" \/>\n<meta name=\"twitter:card\" content=\"summary_large_image\" \/>\n<script type=\"application\/ld+json\" class=\"yoast-schema-graph\">{\"@context\":\"https:\/\/schema.org\",\"@graph\":[{\"@type\":\"WebPage\",\"@id\":\"https:\/\/atpomp.pl\/rozwiazania\/osna\/\",\"url\":\"https:\/\/atpomp.pl\/rozwiazania\/osna\/\",\"name\":\"OSNA | ATPomp\",\"isPartOf\":{\"@id\":\"https:\/\/atpomp.pl\/#website\"},\"primaryImageOfPage\":{\"@id\":\"https:\/\/atpomp.pl\/rozwiazania\/osna\/#primaryimage\"},\"image\":{\"@id\":\"https:\/\/atpomp.pl\/rozwiazania\/osna\/#primaryimage\"},\"thumbnailUrl\":\"http:\/\/atpomp.pl\/wp-content\/uploads\/2024\/01\/OSNA-Logo.png\",\"datePublished\":\"2024-01-10T10:30:20+00:00\",\"dateModified\":\"2024-01-11T11:34:27+00:00\",\"breadcrumb\":{\"@id\":\"https:\/\/atpomp.pl\/rozwiazania\/osna\/#breadcrumb\"},\"inLanguage\":\"en-GB\",\"potentialAction\":[{\"@type\":\"ReadAction\",\"target\":[\"https:\/\/atpomp.pl\/rozwiazania\/osna\/\"]}]},{\"@type\":\"ImageObject\",\"inLanguage\":\"en-GB\",\"@id\":\"https:\/\/atpomp.pl\/rozwiazania\/osna\/#primaryimage\",\"url\":\"http:\/\/atpomp.pl\/wp-content\/uploads\/2024\/01\/OSNA-Logo.png\",\"contentUrl\":\"http:\/\/atpomp.pl\/wp-content\/uploads\/2024\/01\/OSNA-Logo.png\"},{\"@type\":\"BreadcrumbList\",\"@id\":\"https:\/\/atpomp.pl\/rozwiazania\/osna\/#breadcrumb\",\"itemListElement\":[{\"@type\":\"ListItem\",\"position\":1,\"name\":\"Strona g\u0142\u00f3wna\",\"item\":\"https:\/\/atpomp.pl\/\"},{\"@type\":\"ListItem\",\"position\":2,\"name\":\"Rozwi\u0105zania\",\"item\":\"https:\/\/atpomp.pl\/rozwiazania\/\"},{\"@type\":\"ListItem\",\"position\":3,\"name\":\"OSNA\"}]},{\"@type\":\"WebSite\",\"@id\":\"https:\/\/atpomp.pl\/#website\",\"url\":\"https:\/\/atpomp.pl\/\",\"name\":\"ATPomp\",\"description\":\"pompy Bornemann, pompy Goulds, pompy dwu\u015brubowe, pompy od\u015brodkowe, pompy membranowe, pompy procesowe, pompy higieniczne, przemys\u0142, rafinerie, przemys\u0142 spo\u017cywczy.\",\"publisher\":{\"@id\":\"https:\/\/atpomp.pl\/#organization\"},\"potentialAction\":[{\"@type\":\"SearchAction\",\"target\":{\"@type\":\"EntryPoint\",\"urlTemplate\":\"https:\/\/atpomp.pl\/?s={search_term_string}\"},\"query-input\":{\"@type\":\"PropertyValueSpecification\",\"valueRequired\":true,\"valueName\":\"search_term_string\"}}],\"inLanguage\":\"en-GB\"},{\"@type\":\"Organization\",\"@id\":\"https:\/\/atpomp.pl\/#organization\",\"name\":\"ATPomp\",\"url\":\"https:\/\/atpomp.pl\/\",\"logo\":{\"@type\":\"ImageObject\",\"inLanguage\":\"en-GB\",\"@id\":\"https:\/\/atpomp.pl\/#\/schema\/logo\/image\/\",\"url\":\"https:\/\/atpomp.pl\/wp-content\/uploads\/2023\/07\/logo-ATPOMP-bez-tla.png\",\"contentUrl\":\"https:\/\/atpomp.pl\/wp-content\/uploads\/2023\/07\/logo-ATPOMP-bez-tla.png\",\"width\":595,\"height\":419,\"caption\":\"ATPomp\"},\"image\":{\"@id\":\"https:\/\/atpomp.pl\/#\/schema\/logo\/image\/\"},\"sameAs\":[\"https:\/\/www.linkedin.com\/company\/atpomp\"]}]}<\/script>\n<!-- \/ Yoast SEO plugin. -->","yoast_head_json":{"title":"OSNA | ATPomp","robots":{"index":"index","follow":"follow","max-snippet":"max-snippet:-1","max-image-preview":"max-image-preview:large","max-video-preview":"max-video-preview:-1"},"canonical":"https:\/\/atpomp.pl\/en\/rozwiazania\/osna\/","og_locale":"en_GB","og_type":"article","og_title":"OSNA | ATPomp","og_description":"Jednostopniowe i wielostopniowe pompy wirowe firmy OSNA gwarantuj\u0105 maksymaln\u0105 niezawodno\u015b\u0107 procesu w szerokim zakresie zastosowa\u0144 przemys\u0142owych i komunalnych w po\u0142\u0105czeniu z niezwykle trwa\u0142\u0105 konstrukcj\u0105. Rozwi\u0105zania Szukasz innych rozwi\u0105za\u0144 OSNA?","og_url":"https:\/\/atpomp.pl\/en\/rozwiazania\/osna\/","og_site_name":"ATPomp","article_modified_time":"2024-01-11T11:34:27+00:00","og_image":[{"url":"http:\/\/atpomp.pl\/wp-content\/uploads\/2024\/01\/OSNA-Logo.png","type":"","width":"","height":""}],"twitter_card":"summary_large_image","schema":{"@context":"https:\/\/schema.org","@graph":[{"@type":"WebPage","@id":"https:\/\/atpomp.pl\/rozwiazania\/osna\/","url":"https:\/\/atpomp.pl\/rozwiazania\/osna\/","name":"OSNA | ATPomp","isPartOf":{"@id":"https:\/\/atpomp.pl\/#website"},"primaryImageOfPage":{"@id":"https:\/\/atpomp.pl\/rozwiazania\/osna\/#primaryimage"},"image":{"@id":"https:\/\/atpomp.pl\/rozwiazania\/osna\/#primaryimage"},"thumbnailUrl":"http:\/\/atpomp.pl\/wp-content\/uploads\/2024\/01\/OSNA-Logo.png","datePublished":"2024-01-10T10:30:20+00:00","dateModified":"2024-01-11T11:34:27+00:00","breadcrumb":{"@id":"https:\/\/atpomp.pl\/rozwiazania\/osna\/#breadcrumb"},"inLanguage":"en-GB","potentialAction":[{"@type":"ReadAction","target":["https:\/\/atpomp.pl\/rozwiazania\/osna\/"]}]},{"@type":"ImageObject","inLanguage":"en-GB","@id":"https:\/\/atpomp.pl\/rozwiazania\/osna\/#primaryimage","url":"http:\/\/atpomp.pl\/wp-content\/uploads\/2024\/01\/OSNA-Logo.png","contentUrl":"http:\/\/atpomp.pl\/wp-content\/uploads\/2024\/01\/OSNA-Logo.png"},{"@type":"BreadcrumbList","@id":"https:\/\/atpomp.pl\/rozwiazania\/osna\/#breadcrumb","itemListElement":[{"@type":"ListItem","position":1,"name":"Strona g\u0142\u00f3wna","item":"https:\/\/atpomp.pl\/"},{"@type":"ListItem","position":2,"name":"Rozwi\u0105zania","item":"https:\/\/atpomp.pl\/rozwiazania\/"},{"@type":"ListItem","position":3,"name":"OSNA"}]},{"@type":"WebSite","@id":"https:\/\/atpomp.pl\/#website","url":"https:\/\/atpomp.pl\/","name":"ATPomp","description":"pompy Bornemann, pompy Goulds, pompy dwu\u015brubowe, pompy od\u015brodkowe, pompy membranowe, pompy procesowe, pompy higieniczne, przemys\u0142, rafinerie, przemys\u0142 spo\u017cywczy.","publisher":{"@id":"https:\/\/atpomp.pl\/#organization"},"potentialAction":[{"@type":"SearchAction","target":{"@type":"EntryPoint","urlTemplate":"https:\/\/atpomp.pl\/?s={search_term_string}"},"query-input":{"@type":"PropertyValueSpecification","valueRequired":true,"valueName":"search_term_string"}}],"inLanguage":"en-GB"},{"@type":"Organization","@id":"https:\/\/atpomp.pl\/#organization","name":"ATPomp","url":"https:\/\/atpomp.pl\/","logo":{"@type":"ImageObject","inLanguage":"en-GB","@id":"https:\/\/atpomp.pl\/#\/schema\/logo\/image\/","url":"https:\/\/atpomp.pl\/wp-content\/uploads\/2023\/07\/logo-ATPOMP-bez-tla.png","contentUrl":"https:\/\/atpomp.pl\/wp-content\/uploads\/2023\/07\/logo-ATPOMP-bez-tla.png","width":595,"height":419,"caption":"ATPomp"},"image":{"@id":"https:\/\/atpomp.pl\/#\/schema\/logo\/image\/"},"sameAs":["https:\/\/www.linkedin.com\/company\/atpomp"]}]}},"uagb_featured_image_src":{"full":false,"thumbnail":false,"medium":false,"medium_large":false,"large":false,"1536x1536":false,"2048x2048":false,"trp-custom-language-flag":false},"uagb_author_info":{"display_name":"admin","author_link":"https:\/\/atpomp.pl\/en\/author\/admin\/"},"uagb_comment_info":0,"uagb_excerpt":"Jednostopniowe i wielostopniowe pompy wirowe firmy OSNA gwarantuj\u0105 maksymaln\u0105 niezawodno\u015b\u0107 procesu w szerokim zakresie zastosowa\u0144 przemys\u0142owych i komunalnych w po\u0142\u0105czeniu z niezwykle trwa\u0142\u0105 konstrukcj\u0105. Rozwi\u0105zania Szukasz innych rozwi\u0105za\u0144 OSNA?","_links":{"self":[{"href":"https:\/\/atpomp.pl\/en\/wp-json\/wp\/v2\/pages\/2743","targetHints":{"allow":["GET"]}}],"collection":[{"href":"https:\/\/atpomp.pl\/en\/wp-json\/wp\/v2\/pages"}],"about":[{"href":"https:\/\/atpomp.pl\/en\/wp-json\/wp\/v2\/types\/page"}],"author":[{"embeddable":true,"href":"https:\/\/atpomp.pl\/en\/wp-json\/wp\/v2\/users\/1"}],"replies":[{"embeddable":true,"href":"https:\/\/atpomp.pl\/en\/wp-json\/wp\/v2\/comments?post=2743"}],"version-history":[{"count":8,"href":"https:\/\/atpomp.pl\/en\/wp-json\/wp\/v2\/pages\/2743\/revisions"}],"predecessor-version":[{"id":2831,"href":"https:\/\/atpomp.pl\/en\/wp-json\/wp\/v2\/pages\/2743\/revisions\/2831"}],"up":[{"embeddable":true,"href":"https:\/\/atpomp.pl\/en\/wp-json\/wp\/v2\/pages\/623"}],"wp:attachment":[{"href":"https:\/\/atpomp.pl\/en\/wp-json\/wp\/v2\/media?parent=2743"}],"curies":[{"name":"wp","href":"https:\/\/api.w.org\/{rel}","templated":true}]}}